{"id":569,"date":"2023-07-15T13:28:47","date_gmt":"2023-07-15T12:28:47","guid":{"rendered":"https:\/\/cabezadelbueydeportes.com\/?page_id=569"},"modified":"2023-07-15T13:28:47","modified_gmt":"2023-07-15T12:28:47","slug":"podosalud-futsal","status":"publish","type":"page","link":"https:\/\/cabezadelbueydeportes.com\/index.php\/torneo-futbol-sala-2023\/equipos\/podosalud-futsal\/","title":{"rendered":"Podosalud Futsal"},"content":{"rendered":"<div class=\"sportspress\"><h4 class=\"sp-table-caption\">Podosalud<\/h4><div class=\"sp-template sp-template-player-list\"><div class=\"sp-table-wrapper\"><table class=\"sp-player-list sp-data-table sp-sortable-table sp-scrollable-table\" data-sp-rows=\"12\"><thead><tr><th class=\"data-name\">Jugador<\/th><th class=\"data-appearances\">Jugados<\/th><th class=\"data-goals\">Goles<\/th><th class=\"data-yellowcards\">Tarjeta Amarilla<\/th><th class=\"data-redcards\">Tarjeta Roja<\/th><\/tr><\/thead><tbody><tr class=\"odd\"><td class=\"data-name has-photo\" data-label=\"Jugador\"><a href=\"https:\/\/cabezadelbueydeportes.com\/index.php\/player\/cristian-ramos-vigara\/\"><span class=\"player-flag\"><img decoding=\"async\" src=\"https:\/\/cabezadelbueydeportes.com\/wp-content\/plugins\/sportspress\/assets\/images\/flags\/esp.png\" alt=\"esp\"><\/span>Cristian Ramos Vigara<\/a><\/td><td class=\"data-appearances\" data-label=\"Jugados\">6<\/td><td class=\"data-goals\" data-label=\"Goles\">2<\/td><td class=\"data-yellowcards\" data-label=\"Tarjeta Amarilla\">0<\/td><td class=\"data-redcards\" data-label=\"Tarjeta Roja\">0<\/td><\/tr><tr class=\"even\"><td class=\"data-name has-photo\" data-label=\"Jugador\"><a href=\"https:\/\/cabezadelbueydeportes.com\/index.php\/player\/jaime-diaz-garcia\/\"><span class=\"player-flag\"><img decoding=\"async\" src=\"https:\/\/cabezadelbueydeportes.com\/wp-content\/plugins\/sportspress\/assets\/images\/flags\/esp.png\" alt=\"esp\"><\/span>Jaime D\u00edaz Garc\u00eda<\/a><\/td><td class=\"data-appearances\" data-label=\"Jugados\">6<\/td><td class=\"data-goals\" data-label=\"Goles\">3<\/td><td class=\"data-yellowcards\" data-label=\"Tarjeta Amarilla\">0<\/td><td class=\"data-redcards\" data-label=\"Tarjeta Roja\">0<\/td><\/tr><tr class=\"odd\"><td class=\"data-name has-photo\" data-label=\"Jugador\"><a href=\"https:\/\/cabezadelbueydeportes.com\/index.php\/player\/david-diaz-balsera\/\"><span class=\"player-flag\"><img decoding=\"async\" src=\"https:\/\/cabezadelbueydeportes.com\/wp-content\/plugins\/sportspress\/assets\/images\/flags\/esp.png\" alt=\"esp\"><\/span>David D\u00edaz Balsera<\/a><\/td><td class=\"data-appearances\" data-label=\"Jugados\">6<\/td><td class=\"data-goals\" data-label=\"Goles\">0<\/td><td class=\"data-yellowcards\" data-label=\"Tarjeta Amarilla\">0<\/td><td class=\"data-redcards\" data-label=\"Tarjeta Roja\">0<\/td><\/tr><tr class=\"even\"><td class=\"data-name has-photo\" data-label=\"Jugador\"><a href=\"https:\/\/cabezadelbueydeportes.com\/index.php\/player\/javier-moreno-mora\/\"><span class=\"player-flag\"><img decoding=\"async\" src=\"https:\/\/cabezadelbueydeportes.com\/wp-content\/plugins\/sportspress\/assets\/images\/flags\/esp.png\" alt=\"esp\"><\/span>Javier Moreno Mora<\/a><\/td><td class=\"data-appearances\" data-label=\"Jugados\">6<\/td><td class=\"data-goals\" data-label=\"Goles\">0<\/td><td class=\"data-yellowcards\" data-label=\"Tarjeta Amarilla\">0<\/td><td class=\"data-redcards\" data-label=\"Tarjeta Roja\">0<\/td><\/tr><tr class=\"odd\"><td class=\"data-name has-photo\" data-label=\"Jugador\"><a href=\"https:\/\/cabezadelbueydeportes.com\/index.php\/player\/alberto-donaire-sanchez\/\"><span class=\"player-flag\"><img decoding=\"async\" src=\"https:\/\/cabezadelbueydeportes.com\/wp-content\/plugins\/sportspress\/assets\/images\/flags\/esp.png\" alt=\"esp\"><\/span>Alberto Donaire S\u00e1nchez<\/a><\/td><td class=\"data-appearances\" data-label=\"Jugados\">6<\/td><td class=\"data-goals\" data-label=\"Goles\">3<\/td><td class=\"data-yellowcards\" data-label=\"Tarjeta Amarilla\">0<\/td><td class=\"data-redcards\" data-label=\"Tarjeta Roja\">0<\/td><\/tr><tr class=\"even\"><td class=\"data-name has-photo\" data-label=\"Jugador\"><a href=\"https:\/\/cabezadelbueydeportes.com\/index.php\/player\/victor-munoz-muni\/\"><span class=\"player-flag\"><img decoding=\"async\" src=\"https:\/\/cabezadelbueydeportes.com\/wp-content\/plugins\/sportspress\/assets\/images\/flags\/esp.png\" alt=\"esp\"><\/span>Victor Mu\u00f1oz \u00abMuni\u00bb<\/a><\/td><td class=\"data-appearances\" data-label=\"Jugados\">5<\/td><td class=\"data-goals\" data-label=\"Goles\">2<\/td><td class=\"data-yellowcards\" data-label=\"Tarjeta Amarilla\">0<\/td><td class=\"data-redcards\" data-label=\"Tarjeta Roja\">0<\/td><\/tr><tr class=\"odd\"><td class=\"data-name has-photo\" data-label=\"Jugador\"><a href=\"https:\/\/cabezadelbueydeportes.com\/index.php\/player\/jose-manuel-xoxe\/\"><span class=\"player-flag\"><img decoding=\"async\" src=\"https:\/\/cabezadelbueydeportes.com\/wp-content\/plugins\/sportspress\/assets\/images\/flags\/esp.png\" alt=\"esp\"><\/span>Jose Manuel Calvo-Fernandez Calvo de Mora \u00abXoxe\u00bb<\/a><\/td><td class=\"data-appearances\" data-label=\"Jugados\">6<\/td><td class=\"data-goals\" data-label=\"Goles\">2<\/td><td class=\"data-yellowcards\" data-label=\"Tarjeta Amarilla\">1<\/td><td class=\"data-redcards\" data-label=\"Tarjeta Roja\">0<\/td><\/tr><tr class=\"even\"><td class=\"data-name has-photo\" data-label=\"Jugador\"><a href=\"https:\/\/cabezadelbueydeportes.com\/index.php\/player\/victor-sanchez-arevalo-socio\/\"><span class=\"player-flag\"><img decoding=\"async\" src=\"https:\/\/cabezadelbueydeportes.com\/wp-content\/plugins\/sportspress\/assets\/images\/flags\/esp.png\" alt=\"esp\"><\/span>V\u00edctor Manuel S\u00e1nchez-Ar\u00e9valo Ruiz \u00abSocio\u00bb<\/a><\/td><td class=\"data-appearances\" data-label=\"Jugados\">6<\/td><td class=\"data-goals\" data-label=\"Goles\">3<\/td><td class=\"data-yellowcards\" data-label=\"Tarjeta Amarilla\">1<\/td><td class=\"data-redcards\" data-label=\"Tarjeta Roja\">0<\/td><\/tr><tr class=\"odd\"><td class=\"data-name has-photo\" data-label=\"Jugador\"><a href=\"https:\/\/cabezadelbueydeportes.com\/index.php\/player\/dario-simancas\/\"><span class=\"player-flag\"><img decoding=\"async\" src=\"https:\/\/cabezadelbueydeportes.com\/wp-content\/plugins\/sportspress\/assets\/images\/flags\/esp.png\" alt=\"esp\"><\/span>Dar\u00edo Simancas S\u00e1nchez<\/a><\/td><td class=\"data-appearances\" data-label=\"Jugados\">6<\/td><td class=\"data-goals\" data-label=\"Goles\">1<\/td><td class=\"data-yellowcards\" data-label=\"Tarjeta Amarilla\">0<\/td><td class=\"data-redcards\" data-label=\"Tarjeta Roja\">0<\/td><\/tr><tr class=\"even\"><td class=\"data-name has-photo\" data-label=\"Jugador\"><a href=\"https:\/\/cabezadelbueydeportes.com\/index.php\/player\/raul-balsera\/\"><span class=\"player-flag\"><img decoding=\"async\" src=\"https:\/\/cabezadelbueydeportes.com\/wp-content\/plugins\/sportspress\/assets\/images\/flags\/esp.png\" alt=\"esp\"><\/span>Ra\u00fal Balsera<\/a><\/td><td class=\"data-appearances\" data-label=\"Jugados\">4<\/td><td class=\"data-goals\" data-label=\"Goles\">3<\/td><td class=\"data-yellowcards\" data-label=\"Tarjeta Amarilla\">0<\/td><td class=\"data-redcards\" data-label=\"Tarjeta Roja\">0<\/td><\/tr><tr class=\"odd\"><td class=\"data-name has-photo\" data-label=\"Jugador\"><a href=\"https:\/\/cabezadelbueydeportes.com\/index.php\/player\/sergio-bravo-de-medina\/\"><span class=\"player-flag\"><img decoding=\"async\" src=\"https:\/\/cabezadelbueydeportes.com\/wp-content\/plugins\/sportspress\/assets\/images\/flags\/esp.png\" alt=\"esp\"><\/span>Sergio Bravo de Medina Matarredona<\/a><\/td><td class=\"data-appearances\" data-label=\"Jugados\">6<\/td><td class=\"data-goals\" data-label=\"Goles\">2<\/td><td class=\"data-yellowcards\" data-label=\"Tarjeta Amarilla\">0<\/td><td class=\"data-redcards\" data-label=\"Tarjeta Roja\">0<\/td><\/tr><\/tbody><\/table><\/div><\/div><\/div>\n","protected":false},"excerpt":{"rendered":"","protected":false},"author":1,"featured_media":0,"parent":547,"menu_order":0,"comment_status":"closed","ping_status":"closed","template":"","meta":{"footnotes":""},"_links":{"self":[{"href":"https:\/\/cabezadelbueydeportes.com\/index.php\/wp-json\/wp\/v2\/pages\/569"}],"collection":[{"href":"https:\/\/cabezadelbueydeportes.com\/index.php\/wp-json\/wp\/v2\/pages"}],"about":[{"href":"https:\/\/cabezadelbueydeportes.com\/index.php\/wp-json\/wp\/v2\/types\/page"}],"author":[{"embeddable":true,"href":"https:\/\/cabezadelbueydeportes.com\/index.php\/wp-json\/wp\/v2\/users\/1"}],"replies":[{"embeddable":true,"href":"https:\/\/cabezadelbueydeportes.com\/index.php\/wp-json\/wp\/v2\/comments?post=569"}],"version-history":[{"count":1,"href":"https:\/\/cabezadelbueydeportes.com\/index.php\/wp-json\/wp\/v2\/pages\/569\/revisions"}],"predecessor-version":[{"id":570,"href":"https:\/\/cabezadelbueydeportes.com\/index.php\/wp-json\/wp\/v2\/pages\/569\/revisions\/570"}],"up":[{"embeddable":true,"href":"https:\/\/cabezadelbueydeportes.com\/index.php\/wp-json\/wp\/v2\/pages\/547"}],"wp:attachment":[{"href":"https:\/\/cabezadelbueydeportes.com\/index.php\/wp-json\/wp\/v2\/media?parent=569"}],"curies":[{"name":"wp","href":"https:\/\/api.w.org\/{rel}","templated":true}]}}